{"id":436,"date":"2018-06-19T13:29:09","date_gmt":"2018-06-19T13:29:09","guid":{"rendered":"http:\/\/em-dur.de\/?page_id=436"},"modified":"2025-10-06T18:32:01","modified_gmt":"2025-10-06T18:32:01","slug":"em-dur","status":"publish","type":"page","link":"https:\/\/em-dur.de\/","title":{"rendered":"Em-Dur"},"content":{"rendered":"\n<div class=\"wp-block-group\"><div class=\"wp-block-group__inner-container is-layout-constrained wp-block-group-is-layout-constrained\">\n<figure id=\"attachment_621\" aria-describedby=\"caption-attachment-621\" style=\"width: 303px\" class=\"wp-caption alignright\"><a href=\"http:\/\/em-dur.de\/wp-content\/uploads\/2023\/05\/2023-03-15_Em-Dur_E-Schindler_14_export_-scaled.jpg\"><img loading=\"lazy\" decoding=\"async\" class=\"wp-image-621\" src=\"http:\/\/em-dur.de\/wp-content\/uploads\/2023\/05\/2023-03-15_Em-Dur_E-Schindler_14_export_-200x300.jpg\" alt=\"\" width=\"303\" height=\"455\" srcset=\"https:\/\/em-dur.de\/wp-content\/uploads\/2023\/05\/2023-03-15_Em-Dur_E-Schindler_14_export_-200x300.jpg 200w, https:\/\/em-dur.de\/wp-content\/uploads\/2023\/05\/2023-03-15_Em-Dur_E-Schindler_14_export_-683x1024.jpg 683w, https:\/\/em-dur.de\/wp-content\/uploads\/2023\/05\/2023-03-15_Em-Dur_E-Schindler_14_export_-768x1152.jpg 768w, https:\/\/em-dur.de\/wp-content\/uploads\/2023\/05\/2023-03-15_Em-Dur_E-Schindler_14_export_-1024x1536.jpg 1024w, https:\/\/em-dur.de\/wp-content\/uploads\/2023\/05\/2023-03-15_Em-Dur_E-Schindler_14_export_-1366x2048.jpg 1366w, https:\/\/em-dur.de\/wp-content\/uploads\/2023\/05\/2023-03-15_Em-Dur_E-Schindler_14_export_-127x190.jpg 127w, https:\/\/em-dur.de\/wp-content\/uploads\/2023\/05\/2023-03-15_Em-Dur_E-Schindler_14_export_-scaled.jpg 1707w\" sizes=\"auto, (max-width: 303px) 100vw, 303px\" \/><\/a><figcaption id=\"caption-attachment-621\" class=\"wp-caption-text\"><a href=\"https:\/\/www.elisabeth-schindler.com\/about\" target=\"_blank\" rel=\"noopener\">Foto erstellt von Elli Schindler\u00a0<\/a><\/figcaption><\/figure>\n<p>Em-Dur aus Bremen verbindet englische und deutsche Texte mit vielseitigen Poparrangements, feinen Grooves und Melodien, die Herz und Seele ber\u00fchren. In ihrer Musik finden sie einen ganz eigenen Ausdruck f\u00fcr ihre Erfahrungen rund um grundmenschliche Themen wie Verbundenheit und Einsamkeit, Schmerz und Gl\u00fcck. Ebenso vielf\u00e4ltig ist die Musik, von w\u00fctender Hoffnungslosigkeit \u00fcber zartgl\u00fcckliche Balladen bis zu Songs, bei denen man fliegen kann.<\/p>\n<p>Die Band: Ella (Keyboard &amp; Gesang), Marit (Gitarre &amp; Gesang), Gela (Bass), Katja (Schlagzeug) und Kris (Gitarre).<\/p>\n<h2>\u00a0<\/h2>\n<h2><a href=\"https:\/\/em-dur.de\/?page_id=36\">News:<\/a><\/h2>\n<h2>Em-Dur Live im <a href=\"https:\/\/baliku-bremen.de\/2025\/09\/23\/em-dur-15-november\/\" target=\"_blank\" rel=\"noopener\">Bali&#8217;ku<\/a> am 15.11.2025<\/h2>\n<p>Es ist soweit, unser n\u00e4chstes Konzert steht vor der T\u00fcr!<\/p>\n<p>Am 15.11.2025\u00a0sind wir im Bali&#8217;ku Werderstr. 60, 28199 Bremen zu sehen und zu h\u00f6ren.<\/p>\n<p>Einlass 18:30 Uhr &#8211; Musik beginnt ab 20:00 Uhr<\/p>\n<p>Der Eintritt ist frei.<\/p>\n<p>Es gibt leckeres balinesisches Essen a la carte. Wer m\u00f6chte kommt ab 18:30 Uhr zum Essen bevor um 20:00 Uhr die Musik beginnt. Als Opener spielt Katrin Remmert. An diesem Abend geh\u00f6rt den Frauen die B\u00fchne. Es wird ein toller Abend mit netten Menschen und viel Musik!<\/p>\n<p>Sagt es weiter!<\/p>\n<p>Wir freuen uns auf euch!<\/p>\n<h2>\u00a0<\/h2>\n<\/div><\/div>\n","protected":false},"excerpt":{"rendered":"<p>Em-Dur aus Bremen verbindet englische und deutsche Texte mit vielseitigen Poparrangements, feinen Grooves und Melodien, die Herz und Seele ber\u00fchren. In ihrer Musik finden sie einen ganz eigenen Ausdruck f\u00fcr ihre Erfahrungen rund um grundmenschliche Themen wie Verbundenheit und Einsamkeit, Schmerz und Gl\u00fcck. Ebenso vielf\u00e4ltig ist die Musik, von w\u00fctender Hoffnungslosigkeit \u00fcber zartgl\u00fcckliche Balladen bis&#8230; <a href=\"https:\/\/em-dur.de\/\">Read more: Em-Dur<\/a><\/p>\n","protected":false},"author":1,"featured_media":0,"parent":0,"menu_order":0,"comment_status":"closed","ping_status":"closed","template":"templates\/no-sidebar.php","meta":{"footnotes":""},"class_list":["post-436","page","type-page","status-publish","hentry"],"_links":{"self":[{"href":"https:\/\/em-dur.de\/index.php?rest_route=\/wp\/v2\/pages\/436","targetHints":{"allow":["GET"]}}],"collection":[{"href":"https:\/\/em-dur.de\/index.php?rest_route=\/wp\/v2\/pages"}],"about":[{"href":"https:\/\/em-dur.de\/index.php?rest_route=\/wp\/v2\/types\/page"}],"author":[{"embeddable":true,"href":"https:\/\/em-dur.de\/index.php?rest_route=\/wp\/v2\/users\/1"}],"replies":[{"embeddable":true,"href":"https:\/\/em-dur.de\/index.php?rest_route=%2Fwp%2Fv2%2Fcomments&post=436"}],"version-history":[{"count":32,"href":"https:\/\/em-dur.de\/index.php?rest_route=\/wp\/v2\/pages\/436\/revisions"}],"predecessor-version":[{"id":763,"href":"https:\/\/em-dur.de\/index.php?rest_route=\/wp\/v2\/pages\/436\/revisions\/763"}],"wp:attachment":[{"href":"https:\/\/em-dur.de\/index.php?rest_route=%2Fwp%2Fv2%2Fmedia&parent=436"}],"curies":[{"name":"wp","href":"https:\/\/api.w.org\/{rel}","templated":true}]}}